{"id":403,"date":"2022-02-14T09:33:32","date_gmt":"2022-02-14T09:33:32","guid":{"rendered":"https:\/\/rumaenienhilfe.awo-rle.de\/wordpress\/?page_id=403"},"modified":"2023-09-08T19:06:57","modified_gmt":"2023-09-08T19:06:57","slug":"startseite","status":"publish","type":"page","link":"https:\/\/humanitaerehilfe.awo-rle.de\/wordpress\/","title":{"rendered":"Startseite"},"content":{"rendered":"\t\t<div data-elementor-type=\"wp-page\" data-elementor-id=\"403\" class=\"elementor elementor-403\">\n\t\t\t\t\t\t<section class=\"elementor-section elementor-top-section elementor-element elementor-element-9936c12 elementor-section-boxed elementor-section-height-default elementor-section-height-default\" data-id=\"9936c12\" data-element_type=\"section\" data-e-type=\"section\">\n\t\t\t\t\t\t<div class=\"elementor-container elementor-column-gap-default\">\n\t\t\t\t\t<div class=\"elementor-column elementor-col-100 elementor-top-column elementor-element elementor-element-80611f2\" data-id=\"80611f2\" data-element_type=\"column\" data-e-type=\"column\">\n\t\t\t<div class=\"elementor-widget-wrap\">\n\t\t\t\t\t\t\t<\/div>\n\t\t<\/div>\n\t\t\t\t\t<\/div>\n\t\t<\/section>\n\t\t\t\t<section class=\"elementor-section elementor-top-section elementor-element elementor-element-1a278949 elementor-section-boxed elementor-section-height-default elementor-section-height-default\" data-id=\"1a278949\" data-element_type=\"section\" data-e-type=\"section\">\n\t\t\t\t\t\t<div class=\"elementor-container elementor-column-gap-default\">\n\t\t\t\t\t<div class=\"elementor-column elementor-col-100 elementor-top-column elementor-element elementor-element-56ef5377\" data-id=\"56ef5377\" data-element_type=\"column\" data-e-type=\"column\">\n\t\t\t<div class=\"elementor-widget-wrap elementor-element-populated\">\n\t\t\t\t\t\t<div class=\"elementor-element elementor-element-8c7d646 elementor-widget elementor-widget-text-editor\" data-id=\"8c7d646\" data-element_type=\"widget\" data-e-type=\"widget\" data-widget_type=\"text-editor.default\">\n\t\t\t\t<div class=\"elementor-widget-container\">\n\t\t\t\t\t\t\t\t\t<h1>A<a href=\"https:\/\/humanitaerehilfe.awo-rle.de\/wordpress\/index.php\/rumaenien\/\" target=\"_blank\" style=\"font-size: 15px; letter-spacing: var( --e-global-typography-text-letter-spacing ); word-spacing: var( --e-global-typography-text-word-spacing ); background-color: rgb(255, 255, 255);\">ktuelle&nbsp; Infos \u00fcber unsere Projekte in Rum\u00e4nien imDorf Toplet im Kreis Caras Severin<\/a><\/h1>\t\t\t\t\t\t\t\t<\/div>\n\t\t\t\t<\/div>\n\t\t\t\t\t<\/div>\n\t\t<\/div>\n\t\t\t\t\t<\/div>\n\t\t<\/section>\n\t\t\t\t<section class=\"elementor-section elementor-top-section elementor-element elementor-element-0e4930b elementor-section-boxed elementor-section-height-default elementor-section-height-default\" data-id=\"0e4930b\" data-element_type=\"section\" data-e-type=\"section\">\n\t\t\t\t\t\t<div class=\"elementor-container elementor-column-gap-default\">\n\t\t\t\t\t<div class=\"elementor-column elementor-col-100 elementor-top-column elementor-element elementor-element-69cf5f5\" data-id=\"69cf5f5\" data-element_type=\"column\" data-e-type=\"column\">\n\t\t\t<div class=\"elementor-widget-wrap\">\n\t\t\t\t\t\t\t<\/div>\n\t\t<\/div>\n\t\t\t\t\t<\/div>\n\t\t<\/section>\n\t\t\t\t<section class=\"elementor-section elementor-top-section elementor-element elementor-element-af12ace elementor-section-boxed elementor-section-height-default elementor-section-height-default\" data-id=\"af12ace\" data-element_type=\"section\" data-e-type=\"section\">\n\t\t\t\t\t\t<div class=\"elementor-container elementor-column-gap-default\">\n\t\t\t\t\t<div class=\"elementor-column elementor-col-100 elementor-top-column elementor-element elementor-element-23be3c9\" data-id=\"23be3c9\" data-element_type=\"column\" data-e-type=\"column\">\n\t\t\t<div class=\"elementor-widget-wrap elementor-element-populated\">\n\t\t\t\t\t\t<div class=\"elementor-element elementor-element-34f88c7 elementor-widget elementor-widget-text-editor\" data-id=\"34f88c7\" data-element_type=\"widget\" data-e-type=\"widget\" data-widget_type=\"text-editor.default\">\n\t\t\t\t<div class=\"elementor-widget-container\">\n\t\t\t\t\t\t\t\t\t<h1>H<span style=\"font-weight: normal;\">i<\/span><a href=\"https:\/\/humanitaerehilfe.awo-rle.de\/wordpress\/index.php\/elementor-1317\/\" target=\"_blank\" style=\"font-size: 15px; letter-spacing: var( --e-global-typography-text-letter-spacing ); word-spacing: var( --e-global-typography-text-word-spacing ); background-color: rgb(255, 255, 255);\">lfen f\u00fcr Ukrainer Aktuell<\/a><\/h1>\t\t\t\t\t\t\t\t<\/div>\n\t\t\t\t<\/div>\n\t\t\t\t\t<\/div>\n\t\t<\/div>\n\t\t\t\t\t<\/div>\n\t\t<\/section>\n\t\t\t\t<section class=\"elementor-section elementor-top-section elementor-element elementor-element-5eaf8c3 elementor-section-boxed elementor-section-height-default elementor-section-height-default\" data-id=\"5eaf8c3\" data-element_type=\"section\" data-e-type=\"section\">\n\t\t\t\t\t\t<div class=\"elementor-container elementor-column-gap-default\">\n\t\t\t\t\t<div class=\"elementor-column elementor-col-100 elementor-top-column elementor-element elementor-element-6d5343f\" data-id=\"6d5343f\" data-element_type=\"column\" data-e-type=\"column\">\n\t\t\t<div class=\"elementor-widget-wrap elementor-element-populated\">\n\t\t\t\t\t\t<div class=\"elementor-element elementor-element-1391720 elementor-widget elementor-widget-image\" data-id=\"1391720\" data-element_type=\"widget\" data-e-type=\"widget\" data-widget_type=\"image.default\">\n\t\t\t\t<div class=\"elementor-widget-container\">\n\t\t\t\t\t\t\t\t\t\t\t\t\t\t\t<img fetchpriority=\"high\" decoding=\"async\" width=\"1024\" height=\"576\" src=\"https:\/\/humanitaerehilfe.awo-rle.de\/wordpress\/wp-content\/uploads\/2023\/09\/Folie1-1024x576.jpg\" class=\"attachment-large size-large wp-image-1500\" alt=\"\" srcset=\"https:\/\/humanitaerehilfe.awo-rle.de\/wordpress\/wp-content\/uploads\/2023\/09\/Folie1-1024x576.jpg 1024w, https:\/\/humanitaerehilfe.awo-rle.de\/wordpress\/wp-content\/uploads\/2023\/09\/Folie1-300x169.jpg 300w, https:\/\/humanitaerehilfe.awo-rle.de\/wordpress\/wp-content\/uploads\/2023\/09\/Folie1-768x432.jpg 768w, https:\/\/humanitaerehilfe.awo-rle.de\/wordpress\/wp-content\/uploads\/2023\/09\/Folie1-800x450.jpg 800w, https:\/\/humanitaerehilfe.awo-rle.de\/wordpress\/wp-content\/uploads\/2023\/09\/Folie1.jpg 1280w\" sizes=\"(max-width: 1024px) 100vw, 1024px\" \/>\t\t\t\t\t\t\t\t\t\t\t\t\t\t\t<\/div>\n\t\t\t\t<\/div>\n\t\t\t\t<div class=\"elementor-element elementor-element-0c05ba9 elementor-widget elementor-widget-image\" data-id=\"0c05ba9\" data-element_type=\"widget\" data-e-type=\"widget\" data-widget_type=\"image.default\">\n\t\t\t\t<div class=\"elementor-widget-container\">\n\t\t\t\t\t\t\t\t\t\t\t\t\t\t\t<img decoding=\"async\" width=\"1024\" height=\"576\" src=\"https:\/\/humanitaerehilfe.awo-rle.de\/wordpress\/wp-content\/uploads\/2023\/09\/Praesentation-Humanitaere-Hilfe-aktuell-neu-1024x576.jpg\" class=\"attachment-large size-large wp-image-1516\" alt=\"\" srcset=\"https:\/\/humanitaerehilfe.awo-rle.de\/wordpress\/wp-content\/uploads\/2023\/09\/Praesentation-Humanitaere-Hilfe-aktuell-neu-1024x576.jpg 1024w, https:\/\/humanitaerehilfe.awo-rle.de\/wordpress\/wp-content\/uploads\/2023\/09\/Praesentation-Humanitaere-Hilfe-aktuell-neu-300x169.jpg 300w, https:\/\/humanitaerehilfe.awo-rle.de\/wordpress\/wp-content\/uploads\/2023\/09\/Praesentation-Humanitaere-Hilfe-aktuell-neu-768x432.jpg 768w, https:\/\/humanitaerehilfe.awo-rle.de\/wordpress\/wp-content\/uploads\/2023\/09\/Praesentation-Humanitaere-Hilfe-aktuell-neu-800x450.jpg 800w, https:\/\/humanitaerehilfe.awo-rle.de\/wordpress\/wp-content\/uploads\/2023\/09\/Praesentation-Humanitaere-Hilfe-aktuell-neu.jpg 1280w\" sizes=\"(max-width: 1024px) 100vw, 1024px\" \/>\t\t\t\t\t\t\t\t\t\t\t\t\t\t\t<\/div>\n\t\t\t\t<\/div>\n\t\t\t\t<div class=\"elementor-element elementor-element-a6555a8 elementor-widget elementor-widget-spacer\" data-id=\"a6555a8\" data-element_type=\"widget\" data-e-type=\"widget\" data-widget_type=\"spacer.default\">\n\t\t\t\t<div class=\"elementor-widget-container\">\n\t\t\t\t\t\t\t<div class=\"elementor-spacer\">\n\t\t\t<div class=\"elementor-spacer-inner\"><\/div>\n\t\t<\/div>\n\t\t\t\t\t\t<\/div>\n\t\t\t\t<\/div>\n\t\t\t\t\t<\/div>\n\t\t<\/div>\n\t\t\t\t\t<\/div>\n\t\t<\/section>\n\t\t\t\t<section class=\"elementor-section elementor-top-section elementor-element elementor-element-9071fee elementor-section-boxed elementor-section-height-default elementor-section-height-default\" data-id=\"9071fee\" data-element_type=\"section\" data-e-type=\"section\">\n\t\t\t\t\t\t<div class=\"elementor-container elementor-column-gap-default\">\n\t\t\t\t\t<div class=\"elementor-column elementor-col-100 elementor-top-column elementor-element elementor-element-51a9924\" data-id=\"51a9924\" data-element_type=\"column\" data-e-type=\"column\">\n\t\t\t<div class=\"elementor-widget-wrap\">\n\t\t\t\t\t\t\t<\/div>\n\t\t<\/div>\n\t\t\t\t\t<\/div>\n\t\t<\/section>\n\t\t\t\t<section class=\"elementor-section elementor-top-section elementor-element elementor-element-7dc2177 elementor-section-boxed elementor-section-height-default elementor-section-height-default\" data-id=\"7dc2177\" data-element_type=\"section\" data-e-type=\"section\">\n\t\t\t\t\t\t<div class=\"elementor-container elementor-column-gap-default\">\n\t\t\t\t\t<div class=\"elementor-column elementor-col-100 elementor-top-column elementor-element elementor-element-18cb4d5\" data-id=\"18cb4d5\" data-element_type=\"column\" data-e-type=\"column\">\n\t\t\t<div class=\"elementor-widget-wrap elementor-element-populated\">\n\t\t\t\t\t\t<div class=\"elementor-element elementor-element-bc09df7 elementor-widget elementor-widget-text-editor\" data-id=\"bc09df7\" data-element_type=\"widget\" data-e-type=\"widget\" data-widget_type=\"text-editor.default\">\n\t\t\t\t<div class=\"elementor-widget-container\">\n\t\t\t\t\t\t\t\t\t<p>W<a href=\"https:\/\/humanitaerehilfe.awo-rle.de\/wordpress\/index.php\/berichte\/\" target=\"_blank\" style=\"font-size: 15px; letter-spacing: var( --e-global-typography-text-letter-spacing ); word-spacing: var( --e-global-typography-text-word-spacing ); background-color: rgb(255, 255, 255);\">eiter&nbsp; Berichte<\/a><\/p>\t\t\t\t\t\t\t\t<\/div>\n\t\t\t\t<\/div>\n\t\t\t\t\t<\/div>\n\t\t<\/div>\n\t\t\t\t\t<\/div>\n\t\t<\/section>\n\t\t\t\t<\/div>\n\t\t","protected":false},"excerpt":{"rendered":"<p>Aktuelle&nbsp; Infos \u00fcber unsere Projekte in Rum\u00e4nien imDorf Toplet im Kreis Caras Severin Hilfen f\u00fcr Ukrainer Aktuell Weiter&nbsp; Berichte<\/p>\n","protected":false},"author":2,"featured_media":0,"parent":0,"menu_order":0,"comment_status":"closed","ping_status":"closed","template":"","meta":{"ocean_post_layout":"full-screen","ocean_both_sidebars_style":"","ocean_both_sidebars_content_width":0,"ocean_both_sidebars_sidebars_width":0,"ocean_sidebar":"0","ocean_second_sidebar":"0","ocean_disable_margins":"enable","ocean_add_body_class":"","ocean_shortcode_before_top_bar":"","ocean_shortcode_after_top_bar":"","ocean_shortcode_before_header":"","ocean_shortcode_after_header":"","ocean_has_shortcode":"","ocean_shortcode_after_title":"","ocean_shortcode_before_footer_widgets":"","ocean_shortcode_after_footer_widgets":"","ocean_shortcode_before_footer_bottom":"","ocean_shortcode_after_footer_bottom":"","ocean_display_top_bar":"off","ocean_display_header":"default","ocean_header_style":"","ocean_center_header_left_menu":"0","ocean_custom_header_template":"0","ocean_custom_logo":0,"ocean_custom_retina_logo":0,"ocean_custom_logo_max_width":0,"ocean_custom_logo_tablet_max_width":0,"ocean_custom_logo_mobile_max_width":0,"ocean_custom_logo_max_height":0,"ocean_custom_logo_tablet_max_height":0,"ocean_custom_logo_mobile_max_height":0,"ocean_header_custom_menu":"6","ocean_menu_typo_font_family":"0","ocean_menu_typo_font_subset":"","ocean_menu_typo_font_size":0,"ocean_menu_typo_font_size_tablet":0,"ocean_menu_typo_font_size_mobile":0,"ocean_menu_typo_font_size_unit":"px","ocean_menu_typo_font_weight":"","ocean_menu_typo_font_weight_tablet":"","ocean_menu_typo_font_weight_mobile":"","ocean_menu_typo_transform":"","ocean_menu_typo_transform_tablet":"","ocean_menu_typo_transform_mobile":"","ocean_menu_typo_line_height":0,"ocean_menu_typo_line_height_tablet":0,"ocean_menu_typo_line_height_mobile":0,"ocean_menu_typo_line_height_unit":"","ocean_menu_typo_spacing":0,"ocean_menu_typo_spacing_tablet":0,"ocean_menu_typo_spacing_mobile":0,"ocean_menu_typo_spacing_unit":"","ocean_menu_link_color":"","ocean_menu_link_color_hover":"","ocean_menu_link_color_active":"","ocean_menu_link_background":"","ocean_menu_link_hover_background":"","ocean_menu_link_active_background":"","ocean_menu_social_links_bg":"","ocean_menu_social_hover_links_bg":"","ocean_menu_social_links_color":"","ocean_menu_social_hover_links_color":"","ocean_disable_title":"on","ocean_disable_heading":"default","ocean_post_title":"","ocean_post_subheading":"","ocean_post_title_style":"","ocean_post_title_background_color":"","ocean_post_title_background":0,"ocean_post_title_bg_image_position":"","ocean_post_title_bg_image_attachment":"","ocean_post_title_bg_image_repeat":"","ocean_post_title_bg_image_size":"","ocean_post_title_height":0,"ocean_post_title_bg_overlay":0.5,"ocean_post_title_bg_overlay_color":"","ocean_disable_breadcrumbs":"default","ocean_breadcrumbs_color":"","ocean_breadcrumbs_separator_color":"","ocean_breadcrumbs_links_color":"","ocean_breadcrumbs_links_hover_color":"","ocean_display_footer_widgets":"off","ocean_display_footer_bottom":"default","ocean_custom_footer_template":"0","footnotes":""},"class_list":["post-403","page","type-page","status-publish","hentry","entry"],"_links":{"self":[{"href":"https:\/\/humanitaerehilfe.awo-rle.de\/wordpress\/index.php\/wp-json\/wp\/v2\/pages\/403","targetHints":{"allow":["GET"]}}],"collection":[{"href":"https:\/\/humanitaerehilfe.awo-rle.de\/wordpress\/index.php\/wp-json\/wp\/v2\/pages"}],"about":[{"href":"https:\/\/humanitaerehilfe.awo-rle.de\/wordpress\/index.php\/wp-json\/wp\/v2\/types\/page"}],"author":[{"embeddable":true,"href":"https:\/\/humanitaerehilfe.awo-rle.de\/wordpress\/index.php\/wp-json\/wp\/v2\/users\/2"}],"replies":[{"embeddable":true,"href":"https:\/\/humanitaerehilfe.awo-rle.de\/wordpress\/index.php\/wp-json\/wp\/v2\/comments?post=403"}],"version-history":[{"count":167,"href":"https:\/\/humanitaerehilfe.awo-rle.de\/wordpress\/index.php\/wp-json\/wp\/v2\/pages\/403\/revisions"}],"predecessor-version":[{"id":1558,"href":"https:\/\/humanitaerehilfe.awo-rle.de\/wordpress\/index.php\/wp-json\/wp\/v2\/pages\/403\/revisions\/1558"}],"wp:attachment":[{"href":"https:\/\/humanitaerehilfe.awo-rle.de\/wordpress\/index.php\/wp-json\/wp\/v2\/media?parent=403"}],"curies":[{"name":"wp","href":"https:\/\/api.w.org\/{rel}","templated":true}]}}