{"id":1351,"date":"2023-03-09T17:16:12","date_gmt":"2023-03-09T17:16:12","guid":{"rendered":"https:\/\/humanitaerehilfe.awo-rle.de\/wordpress\/?page_id=1351"},"modified":"2023-03-09T17:25:48","modified_gmt":"2023-03-09T17:25:48","slug":"rumaenien","status":"publish","type":"page","link":"https:\/\/humanitaerehilfe.awo-rle.de\/wordpress\/index.php\/rumaenien\/","title":{"rendered":"Rum\u00e4nien"},"content":{"rendered":"\t\t<div data-elementor-type=\"wp-page\" data-elementor-id=\"1351\" class=\"elementor elementor-1351\">\n\t\t\t\t\t\t<section class=\"elementor-section elementor-top-section elementor-element elementor-element-aa66adb elementor-section-boxed elementor-section-height-default elementor-section-height-default\" data-id=\"aa66adb\" data-element_type=\"section\" data-e-type=\"section\">\n\t\t\t\t\t\t<div class=\"elementor-container elementor-column-gap-default\">\n\t\t\t\t\t<div class=\"elementor-column elementor-col-100 elementor-top-column elementor-element elementor-element-d9534c0\" data-id=\"d9534c0\" data-element_type=\"column\" data-e-type=\"column\">\n\t\t\t<div class=\"elementor-widget-wrap elementor-element-populated\">\n\t\t\t\t\t\t<div class=\"elementor-element elementor-element-63e96d3 elementor-widget elementor-widget-text-editor\" data-id=\"63e96d3\" data-element_type=\"widget\" data-e-type=\"widget\" data-widget_type=\"text-editor.default\">\n\t\t\t\t<div class=\"elementor-widget-container\">\n\t\t\t\t\t\t\t\t\t<p>Winterheizkostenhilfe im Fr\u00fchjahr 2023 f\u00fcr besonders Bed\u00fcrftige Menschen in Toplet&nbsp; &nbsp;&nbsp;<\/p>\t\t\t\t\t\t\t\t<\/div>\n\t\t\t\t<\/div>\n\t\t\t\t<div class=\"elementor-element elementor-element-90e5290 elementor-widget elementor-widget-image\" data-id=\"90e5290\" data-element_type=\"widget\" data-e-type=\"widget\" data-widget_type=\"image.default\">\n\t\t\t\t<div class=\"elementor-widget-container\">\n\t\t\t\t\t\t\t\t\t\t\t\t\t\t\t<img fetchpriority=\"high\" decoding=\"async\" width=\"768\" height=\"1024\" src=\"https:\/\/humanitaerehilfe.awo-rle.de\/wordpress\/wp-content\/uploads\/2023\/03\/WhatsApp-Bild-2023-01-27-um-11.32.20-768x1024.jpg\" class=\"attachment-medium_large size-medium_large wp-image-1359\" alt=\"\" srcset=\"https:\/\/humanitaerehilfe.awo-rle.de\/wordpress\/wp-content\/uploads\/2023\/03\/WhatsApp-Bild-2023-01-27-um-11.32.20-768x1024.jpg 768w, https:\/\/humanitaerehilfe.awo-rle.de\/wordpress\/wp-content\/uploads\/2023\/03\/WhatsApp-Bild-2023-01-27-um-11.32.20-225x300.jpg 225w, https:\/\/humanitaerehilfe.awo-rle.de\/wordpress\/wp-content\/uploads\/2023\/03\/WhatsApp-Bild-2023-01-27-um-11.32.20-1152x1536.jpg 1152w, https:\/\/humanitaerehilfe.awo-rle.de\/wordpress\/wp-content\/uploads\/2023\/03\/WhatsApp-Bild-2023-01-27-um-11.32.20.jpg 1200w\" sizes=\"(max-width: 768px) 100vw, 768px\" \/>\t\t\t\t\t\t\t\t\t\t\t\t\t\t\t<\/div>\n\t\t\t\t<\/div>\n\t\t\t\t<div class=\"elementor-element elementor-element-34d1956 elementor-widget elementor-widget-image\" data-id=\"34d1956\" data-element_type=\"widget\" data-e-type=\"widget\" data-widget_type=\"image.default\">\n\t\t\t\t<div class=\"elementor-widget-container\">\n\t\t\t\t\t\t\t\t\t\t\t\t\t\t\t<img decoding=\"async\" width=\"768\" height=\"1024\" src=\"https:\/\/humanitaerehilfe.awo-rle.de\/wordpress\/wp-content\/uploads\/2023\/03\/WhatsApp-Bild-2023-01-27-um-11.31.46-768x1024.jpg\" class=\"attachment-medium_large size-medium_large wp-image-1358\" alt=\"\" srcset=\"https:\/\/humanitaerehilfe.awo-rle.de\/wordpress\/wp-content\/uploads\/2023\/03\/WhatsApp-Bild-2023-01-27-um-11.31.46-768x1024.jpg 768w, https:\/\/humanitaerehilfe.awo-rle.de\/wordpress\/wp-content\/uploads\/2023\/03\/WhatsApp-Bild-2023-01-27-um-11.31.46-225x300.jpg 225w, https:\/\/humanitaerehilfe.awo-rle.de\/wordpress\/wp-content\/uploads\/2023\/03\/WhatsApp-Bild-2023-01-27-um-11.31.46-1152x1536.jpg 1152w, https:\/\/humanitaerehilfe.awo-rle.de\/wordpress\/wp-content\/uploads\/2023\/03\/WhatsApp-Bild-2023-01-27-um-11.31.46.jpg 1200w\" sizes=\"(max-width: 768px) 100vw, 768px\" \/>\t\t\t\t\t\t\t\t\t\t\t\t\t\t\t<\/div>\n\t\t\t\t<\/div>\n\t\t\t\t\t<\/div>\n\t\t<\/div>\n\t\t\t\t\t<\/div>\n\t\t<\/section>\n\t\t\t\t<section class=\"elementor-section elementor-top-section elementor-element elementor-element-868421a elementor-section-boxed elementor-section-height-default elementor-section-height-default\" data-id=\"868421a\" data-element_type=\"section\" data-e-type=\"section\">\n\t\t\t\t\t\t<div class=\"elementor-container elementor-column-gap-default\">\n\t\t\t\t\t<div class=\"elementor-column elementor-col-100 elementor-top-column elementor-element elementor-element-e9fc5ac\" data-id=\"e9fc5ac\" data-element_type=\"column\" data-e-type=\"column\">\n\t\t\t<div class=\"elementor-widget-wrap elementor-element-populated\">\n\t\t\t\t\t\t<div class=\"elementor-element elementor-element-7303200 elementor-widget elementor-widget-image\" data-id=\"7303200\" data-element_type=\"widget\" data-e-type=\"widget\" data-widget_type=\"image.default\">\n\t\t\t\t<div class=\"elementor-widget-container\">\n\t\t\t\t\t\t\t\t\t\t\t\t\t\t\t<img decoding=\"async\" width=\"768\" height=\"1024\" src=\"https:\/\/humanitaerehilfe.awo-rle.de\/wordpress\/wp-content\/uploads\/2023\/03\/WhatsApp-Bild-2023-01-27-um-11.33.15-768x1024.jpg\" class=\"attachment-medium_large size-medium_large wp-image-1360\" alt=\"\" srcset=\"https:\/\/humanitaerehilfe.awo-rle.de\/wordpress\/wp-content\/uploads\/2023\/03\/WhatsApp-Bild-2023-01-27-um-11.33.15-768x1024.jpg 768w, https:\/\/humanitaerehilfe.awo-rle.de\/wordpress\/wp-content\/uploads\/2023\/03\/WhatsApp-Bild-2023-01-27-um-11.33.15-225x300.jpg 225w, https:\/\/humanitaerehilfe.awo-rle.de\/wordpress\/wp-content\/uploads\/2023\/03\/WhatsApp-Bild-2023-01-27-um-11.33.15-1152x1536.jpg 1152w, https:\/\/humanitaerehilfe.awo-rle.de\/wordpress\/wp-content\/uploads\/2023\/03\/WhatsApp-Bild-2023-01-27-um-11.33.15.jpg 1200w\" sizes=\"(max-width: 768px) 100vw, 768px\" \/>\t\t\t\t\t\t\t\t\t\t\t\t\t\t\t<\/div>\n\t\t\t\t<\/div>\n\t\t\t\t\t<\/div>\n\t\t<\/div>\n\t\t\t\t\t<\/div>\n\t\t<\/section>\n\t\t\t\t<section class=\"elementor-section elementor-top-section elementor-element elementor-element-80ca15a elementor-section-boxed elementor-section-height-default elementor-section-height-default\" data-id=\"80ca15a\" data-element_type=\"section\" data-e-type=\"section\">\n\t\t\t\t\t\t<div class=\"elementor-container elementor-column-gap-default\">\n\t\t\t\t\t<div class=\"elementor-column elementor-col-100 elementor-top-column elementor-element elementor-element-876fafa\" data-id=\"876fafa\" data-element_type=\"column\" data-e-type=\"column\">\n\t\t\t<div class=\"elementor-widget-wrap elementor-element-populated\">\n\t\t\t\t\t\t<div class=\"elementor-element elementor-element-1996dcd elementor-widget elementor-widget-image\" data-id=\"1996dcd\" data-element_type=\"widget\" data-e-type=\"widget\" data-widget_type=\"image.default\">\n\t\t\t\t<div class=\"elementor-widget-container\">\n\t\t\t\t\t\t\t\t\t\t\t\t\t\t\t<img loading=\"lazy\" decoding=\"async\" width=\"768\" height=\"1024\" src=\"https:\/\/humanitaerehilfe.awo-rle.de\/wordpress\/wp-content\/uploads\/2023\/03\/WhatsApp-Bild-2023-01-27-um-11.30.41-768x1024.jpg\" class=\"attachment-medium_large size-medium_large wp-image-1357\" alt=\"\" srcset=\"https:\/\/humanitaerehilfe.awo-rle.de\/wordpress\/wp-content\/uploads\/2023\/03\/WhatsApp-Bild-2023-01-27-um-11.30.41-768x1024.jpg 768w, https:\/\/humanitaerehilfe.awo-rle.de\/wordpress\/wp-content\/uploads\/2023\/03\/WhatsApp-Bild-2023-01-27-um-11.30.41-225x300.jpg 225w, https:\/\/humanitaerehilfe.awo-rle.de\/wordpress\/wp-content\/uploads\/2023\/03\/WhatsApp-Bild-2023-01-27-um-11.30.41-1152x1536.jpg 1152w, https:\/\/humanitaerehilfe.awo-rle.de\/wordpress\/wp-content\/uploads\/2023\/03\/WhatsApp-Bild-2023-01-27-um-11.30.41.jpg 1200w\" sizes=\"(max-width: 768px) 100vw, 768px\" \/>\t\t\t\t\t\t\t\t\t\t\t\t\t\t\t<\/div>\n\t\t\t\t<\/div>\n\t\t\t\t\t<\/div>\n\t\t<\/div>\n\t\t\t\t\t<\/div>\n\t\t<\/section>\n\t\t\t\t<\/div>\n\t\t","protected":false},"excerpt":{"rendered":"<p>Winterheizkostenhilfe im Fr\u00fchjahr 2023 f\u00fcr besonders Bed\u00fcrftige Menschen in Toplet&nbsp; &nbsp;&nbsp;<\/p>\n","protected":false},"author":2,"featured_media":0,"parent":0,"menu_order":0,"comment_status":"closed","ping_status":"closed","template":"","meta":{"ocean_post_layout":"","ocean_both_sidebars_style":"","ocean_both_sidebars_content_width":0,"ocean_both_sidebars_sidebars_width":0,"ocean_sidebar":"","ocean_second_sidebar":"","ocean_disable_margins":"enable","ocean_add_body_class":"","ocean_shortcode_before_top_bar":"","ocean_shortcode_after_top_bar":"","ocean_shortcode_before_header":"","ocean_shortcode_after_header":"","ocean_has_shortcode":"","ocean_shortcode_after_title":"","ocean_shortcode_before_footer_widgets":"","ocean_shortcode_after_footer_widgets":"","ocean_shortcode_before_footer_bottom":"","ocean_shortcode_after_footer_bottom":"","ocean_display_top_bar":"default","ocean_display_header":"default","ocean_header_style":"","ocean_center_header_left_menu":"","ocean_custom_header_template":"","ocean_custom_logo":0,"ocean_custom_retina_logo":0,"ocean_custom_logo_max_width":0,"ocean_custom_logo_tablet_max_width":0,"ocean_custom_logo_mobile_max_width":0,"ocean_custom_logo_max_height":0,"ocean_custom_logo_tablet_max_height":0,"ocean_custom_logo_mobile_max_height":0,"ocean_header_custom_menu":"","ocean_menu_typo_font_family":"","ocean_menu_typo_font_subset":"","ocean_menu_typo_font_size":0,"ocean_menu_typo_font_size_tablet":0,"ocean_menu_typo_font_size_mobile":0,"ocean_menu_typo_font_size_unit":"px","ocean_menu_typo_font_weight":"","ocean_menu_typo_font_weight_tablet":"","ocean_menu_typo_font_weight_mobile":"","ocean_menu_typo_transform":"","ocean_menu_typo_transform_tablet":"","ocean_menu_typo_transform_mobile":"","ocean_menu_typo_line_height":0,"ocean_menu_typo_line_height_tablet":0,"ocean_menu_typo_line_height_mobile":0,"ocean_menu_typo_line_height_unit":"","ocean_menu_typo_spacing":0,"ocean_menu_typo_spacing_tablet":0,"ocean_menu_typo_spacing_mobile":0,"ocean_menu_typo_spacing_unit":"","ocean_menu_link_color":"","ocean_menu_link_color_hover":"","ocean_menu_link_color_active":"","ocean_menu_link_background":"","ocean_menu_link_hover_background":"","ocean_menu_link_active_background":"","ocean_menu_social_links_bg":"","ocean_menu_social_hover_links_bg":"","ocean_menu_social_links_color":"","ocean_menu_social_hover_links_color":"","ocean_disable_title":"default","ocean_disable_heading":"default","ocean_post_title":"","ocean_post_subheading":"","ocean_post_title_style":"","ocean_post_title_background_color":"","ocean_post_title_background":0,"ocean_post_title_bg_image_position":"","ocean_post_title_bg_image_attachment":"","ocean_post_title_bg_image_repeat":"","ocean_post_title_bg_image_size":"","ocean_post_title_height":0,"ocean_post_title_bg_overlay":0.5,"ocean_post_title_bg_overlay_color":"","ocean_disable_breadcrumbs":"default","ocean_breadcrumbs_color":"","ocean_breadcrumbs_separator_color":"","ocean_breadcrumbs_links_color":"","ocean_breadcrumbs_links_hover_color":"","ocean_display_footer_widgets":"default","ocean_display_footer_bottom":"default","ocean_custom_footer_template":"","footnotes":""},"class_list":["post-1351","page","type-page","status-publish","hentry","entry"],"_links":{"self":[{"href":"https:\/\/humanitaerehilfe.awo-rle.de\/wordpress\/index.php\/wp-json\/wp\/v2\/pages\/1351","targetHints":{"allow":["GET"]}}],"collection":[{"href":"https:\/\/humanitaerehilfe.awo-rle.de\/wordpress\/index.php\/wp-json\/wp\/v2\/pages"}],"about":[{"href":"https:\/\/humanitaerehilfe.awo-rle.de\/wordpress\/index.php\/wp-json\/wp\/v2\/types\/page"}],"author":[{"embeddable":true,"href":"https:\/\/humanitaerehilfe.awo-rle.de\/wordpress\/index.php\/wp-json\/wp\/v2\/users\/2"}],"replies":[{"embeddable":true,"href":"https:\/\/humanitaerehilfe.awo-rle.de\/wordpress\/index.php\/wp-json\/wp\/v2\/comments?post=1351"}],"version-history":[{"count":15,"href":"https:\/\/humanitaerehilfe.awo-rle.de\/wordpress\/index.php\/wp-json\/wp\/v2\/pages\/1351\/revisions"}],"predecessor-version":[{"id":1372,"href":"https:\/\/humanitaerehilfe.awo-rle.de\/wordpress\/index.php\/wp-json\/wp\/v2\/pages\/1351\/revisions\/1372"}],"wp:attachment":[{"href":"https:\/\/humanitaerehilfe.awo-rle.de\/wordpress\/index.php\/wp-json\/wp\/v2\/media?parent=1351"}],"curies":[{"name":"wp","href":"https:\/\/api.w.org\/{rel}","templated":true}]}}